{"id":1946,"date":"2019-12-28T12:25:17","date_gmt":"2019-12-28T12:25:17","guid":{"rendered":"https:\/\/rentacarcube.com\/e-scooter\/"},"modified":"2024-11-26T20:46:40","modified_gmt":"2024-11-26T20:46:40","slug":"elektricni-trotineti","status":"publish","type":"page","link":"https:\/\/rentacarcube.com\/sr\/elektricni-trotineti\/","title":{"rendered":"Elektricni trotineti"},"content":{"rendered":"\n<div class=\"row row-collapse\"  id=\"row-419906241\">\n\n<div class=\"col small-12 large-12\"  ><div class=\"col-inner text-left\"  >\n\n\n  <div class=\"banner has-hover\" id=\"banner-526382215\">\n          <div class=\"banner-inner fill\">\n        <div class=\"banner-bg fill\" >\n            <div class=\"bg fill bg-fill \"><\/div>\n                        <div class=\"overlay\"><\/div>            \n                    <\/div><!-- bg-layers -->\n        <div class=\"banner-layers container\">\n            <div class=\"fill banner-link\"><\/div>            \n\n   <div id=\"text-box-615094031\" class=\"text-box banner-layer x0 md-x5 lg-x5 y10 md-y10 lg-y10 res-text\">\n                     <div data-animate=\"none\">           <div class=\"text \">\n              \n              <div class=\"text-inner text-left\">\n                  \n\n<h2 style=\"text-align: left;\"><span style=\"font-size: 90%;\">Iznajmljivanje elektri\u010dnih trotineta<\/span><\/h2>\n<h4 class=\"text-highlight\" style=\"text-align: left;\"><span style=\"font-size: 100%;\">Bez depozita + besplatna dostava<\/span><\/h4>\n<p style=\"text-align: left;\"><span style=\"font-size: 100%;\">Elektricni trotineti Beograd<\/span><\/p>\n<p style=\"text-align: left;\"><span style=\"font-size: 100%;\">Iznajmi elektri\u010dni trotinet i na brz, zabavan i ekolo\u0161ki prihvatljiv na\u010din upoznaj ceo Beograd.<\/span><\/p>\n<div class=\"container section-title-container\" style=\"margin-bottom:0px;\"><h4 class=\"section-title section-title-normal\"><b><\/b><span class=\"section-title-main\" style=\"font-size:70%;color:rgb(127, 120, 120);\"><i class=\"icon-map-pin-fill\" ><\/i>Beograd, Srbija<\/span><b><\/b><\/h4><\/div><!-- .section-title -->\n\n<a href=\"#e-scooter-request\" target=\"_self\" class=\"button primary reveal-icon expand request-vehicle\"  >\n  <i class=\"icon-checkmark\" ><\/i>  <span>rEZERVI\u0160I svoj trotinet (13\u20ac po danu)<\/span>\n  <\/a>\n\n\n\n              <\/div>\n           <\/div><!-- text-box-inner -->\n       <\/div>                     \n<style scope=\"scope\">\n\n#text-box-615094031 {\n  margin: 50px 0px 0px 0px;\n  width: 100%;\n}\n#text-box-615094031 .text {\n  background-color: rgba(255, 255, 255, 0.76);\n  font-size: 100%;\n}\n#text-box-615094031 .text-inner {\n  padding: 30px 20px 18px 20px;\n}\n\n\n@media (min-width:550px) {\n\n  #text-box-615094031 .text-inner {\n    padding: 30px 10px 18px 18px;\n  }\n  #text-box-615094031 {\n    width: 44%;\n  }\n\n}\n<\/style>\n    <\/div><!-- text-box -->\n \n\n        <\/div><!-- .banner-layers -->\n      <\/div><!-- .banner-inner -->\n\n            \n<style scope=\"scope\">\n\n#banner-526382215 {\n  padding-top: 140%;\n  background-color: rgb(255, 255, 255);\n}\n#banner-526382215 .bg.bg-loaded {\n  background-image: url(https:\/\/rentacarcube.com\/wp-content\/uploads\/2019\/12\/electricScooter_1.jpg);\n}\n#banner-526382215 .overlay {\n  background-color: rgba(190, 190, 190, 0.2);\n}\n#banner-526382215 .bg {\n  background-position: 70% 90%;\n}\n\n\n@media (min-width:550px) {\n\n  #banner-526382215 {\n    padding-top: 620px;\n  }\n\n}\n<\/style>\n  <\/div><!-- .banner -->\n\n\n\n<\/div><\/div>\n\n\n<style scope=\"scope\">\n\n#row-419906241 > .col > .col-inner {\n  padding: 0px 0px 0px 0px;\n}\n<\/style>\n<\/div>\n<div class=\"gap-element clearfix\" style=\"display:block; height:auto; padding-top:72px\"><\/div>\n\n<div class=\"row\"  id=\"row-1140751996\">\n\n<div class=\"col medium-4 small-12 large-4\"  ><div class=\"col-inner\"  >\n\n\n\t\t<div class=\"icon-box featured-box icon-box-center text-center\"  >\n\t\t\t\t\t<div class=\"icon-box-img\" style=\"width: 64px\">\n\t\t\t\t<div class=\"icon\">\n\t\t\t\t\t<div class=\"icon-inner\" >\n\t\t\t\t\t\t<img loading=\"lazy\" decoding=\"async\" width=\"256\" height=\"256\" src=\"https:\/\/rentacarcube.com\/wp-content\/uploads\/2020\/01\/traffic-jam-1.png\" class=\"attachment-medium size-medium\" alt=\"scooter rent2\" title=\"\">\t\t\t\t\t<\/div>\n\t\t\t\t<\/div>\n\t\t\t<\/div>\n\t\t\t\t<div class=\"icon-box-text last-reset\">\n\t\t\t\t\t\t\t\t\t\n\n<h3>Elektri\u010dni trotinet<\/h3>\n<p>Ukoliko nameravate da na \u017eeljenu lokaciju stignete na vreme i brzo, elektri\u010dni trotinet je re\u0161enje za vas. Izbegnite saobra\u0107ajne gu\u017eve i pored svega budite ekolo\u0161ki odgovorni, a \u0161to svakako posti\u017eete upotrebom elektri\u010dnog trotineta.<\/p>\n\n\t\t<\/div>\n\t<\/div><!-- .icon-box -->\n\t\n\t\n\n<\/div><\/div>\n<div class=\"col medium-4 small-12 large-4\"  ><div class=\"col-inner\"  >\n\n\n\t\t<div class=\"icon-box featured-box icon-box-center text-center\"  >\n\t\t\t\t\t<div class=\"icon-box-img\" style=\"width: 64px\">\n\t\t\t\t<div class=\"icon\">\n\t\t\t\t\t<div class=\"icon-inner\" >\n\t\t\t\t\t\t<img loading=\"lazy\" decoding=\"async\" width=\"256\" height=\"256\" src=\"https:\/\/rentacarcube.com\/wp-content\/uploads\/2020\/01\/scooter-2.png\" class=\"attachment-medium size-medium\" alt=\"scooter rent\" title=\"\">\t\t\t\t\t<\/div>\n\t\t\t\t<\/div>\n\t\t\t<\/div>\n\t\t\t\t<div class=\"icon-box-text last-reset\">\n\t\t\t\t\t\t\t\t\t\n\n<h3>Prednosti elektri\u010dnog trotineta<\/h3>\n<p>Postoje mnogobrojne prednosti koje vam upotreba elektri\u010dnog skutera pru\u017ea. Elektri\u010dni skuter \u0107e vam pomo\u0107i da izbegnete velike saobra\u0107ajne gu\u017eve na najlak\u0161i mogu\u0107i na\u010din. Pri \u010demu ne treba spominjati da je vo\u017enja elektri\u010dnih skutera posebno zabavna, kao i da \u010dinimo da ne zaga\u0111ujemo okolinu u na\u0161em gradu.<\/p>\n\n\t\t<\/div>\n\t<\/div><!-- .icon-box -->\n\t\n\t\n\n<\/div><\/div>\n<div class=\"col medium-4 small-12 large-4\"  ><div class=\"col-inner\"  >\n\n\n\t\t<div class=\"icon-box featured-box icon-box-center text-center\"  >\n\t\t\t\t\t<div class=\"icon-box-img\" style=\"width: 64px\">\n\t\t\t\t<div class=\"icon\">\n\t\t\t\t\t<div class=\"icon-inner\" >\n\t\t\t\t\t\t<img loading=\"lazy\" decoding=\"async\" width=\"256\" height=\"256\" src=\"https:\/\/rentacarcube.com\/wp-content\/uploads\/2020\/01\/city.png\" class=\"attachment-medium size-medium\" alt=\"scooter rent city\" title=\"\">\t\t\t\t\t<\/div>\n\t\t\t\t<\/div>\n\t\t\t<\/div>\n\t\t\t\t<div class=\"icon-box-text last-reset\">\n\t\t\t\t\t\t\t\t\t\n\n<h3>Elektri\u010dni trotinet u Beogradu<\/h3>\n<p>Biti turista u Beogradu, nikada nije bilo lak\u0161e. Iznajmite jedan od na\u0161ih elektri\u010dnih trotineta i krenite u avanturu kroz Beograd. u\u017eivajte u vo\u017enji i posetite brojne znamenitosti Beograda, kroz dru\u017eenje sa prijateljima i porodicom.<\/p>\n\n\t\t<\/div>\n\t<\/div><!-- .icon-box -->\n\t\n\t\n\n<\/div><\/div>\n\n<\/div>\n<div class=\"gap-element clearfix\" style=\"display:block; height:auto; padding-top:30px\"><\/div>\n\n<div class=\"row row-collapse align-middle\"  id=\"row-1547947299\">\n\n<div class=\"col small-12 large-12\"  ><div class=\"col-inner\"  >\n\n<h3 class=\"section-title section-title-green my-40 section-title-bold-center\" style=\"padding-left: 40px; text-align: center;\"><span class=\"section-title-main\">ELEKTRI\u010cNI TROTINET SPECIFIKACIJE<br><\/span><\/h3>\n\n<\/div><\/div>\n\n\n<style scope=\"scope\">\n\n<\/style>\n<\/div>\n<div class=\"row\"  id=\"row-554539580\">\n\n<div class=\"col small-12 large-12\"  ><div class=\"col-inner\"  >\n\n\t<div class=\"img has-hover x md-x lg-x y md-y lg-y\" id=\"image_1132151706\">\n\t\t\t\t\t\t\t\t<div class=\"img-inner dark\" >\n\t\t\t<img loading=\"lazy\" decoding=\"async\" width=\"1020\" height=\"494\" src=\"https:\/\/rentacarcube.com\/wp-content\/uploads\/2020\/01\/m365-1.png\" class=\"attachment-large size-large\" alt=\"Rent a scuter\" srcset=\"https:\/\/rentacarcube.com\/wp-content\/uploads\/2020\/01\/m365-1.png 1171w, https:\/\/rentacarcube.com\/wp-content\/uploads\/2020\/01\/m365-1-800x387.png 800w, https:\/\/rentacarcube.com\/wp-content\/uploads\/2020\/01\/m365-1-768x372.png 768w\" sizes=\"auto, (max-width: 1020px) 100vw, 1020px\" title=\"\">\t\t\t\t\t\t\n\t\t\t\t\t<\/div>\n\t\t\t\t\t\t\t\t\n<style scope=\"scope\">\n\n#image_1132151706 {\n  width: 100%;\n}\n<\/style>\n\t<\/div>\n\t\n\n\n<\/div><\/div>\n\n<\/div>\n<div class=\"row\"  id=\"row-1183763541\">\n\n<div class=\"col medium-4 small-12 large-4\"  ><div class=\"col-inner\"  >\n\n<div class=\"container section-title-container\" ><h1 class=\"section-title section-title-center\"><b><\/b><span class=\"section-title-main\" style=\"font-size:300%;color:rgb(0, 204, 110);\">25<\/span><b><\/b><\/h1><\/div><!-- .section-title -->\n\n<p style=\"text-align: center;\">Max speed: 25km\/h, max 18km\/h on Cruise control.<\/p>\n\n<\/div><\/div>\n<div class=\"col medium-4 small-12 large-4\"  ><div class=\"col-inner\"  >\n\n<div class=\"container section-title-container\" ><h1 class=\"section-title section-title-center\"><b><\/b><span class=\"section-title-main\" style=\"font-size:300%;color:rgb(0, 204, 110);\">30<\/span><b><\/b><\/h1><\/div><!-- .section-title -->\n\n<p style=\"text-align: center;\">Dugove\u010dnost baterije do 30 km.<\/p>\n\n<\/div><\/div>\n<div class=\"col medium-4 small-12 large-4\"  ><div class=\"col-inner\"  >\n\n<div class=\"container section-title-container\" ><h1 class=\"section-title section-title-center\"><b><\/b><span class=\"section-title-main\" style=\"font-size:300%;color:rgb(0, 204, 110);\">100<\/span><b><\/b><\/h1><\/div><!-- .section-title -->\n\n<p style=\"text-align: center;\">Maksimalna te\u017eina do100kg.<\/p>\n\n<\/div><\/div>\n\n<\/div>\n<div class=\"row\"  id=\"row-1727486095\">\n\n<div class=\"col small-12 large-12\"  ><div class=\"col-inner\"  >\n\n<h3 class=\"section-title section-title-green my-40 section-title-bold-center\"><b><\/b><span class=\"section-title-main\">Informacije<\/span><b><\/b><\/h3>\n\n<\/div><\/div>\n\n<\/div>\n<div class=\"row\"  id=\"row-595740941\">\n\n<div class=\"col medium-4 small-12 large-4\"  ><div class=\"col-inner\"  >\n\n<h5>PREDNOSTI<\/h5>\n\n<\/div><\/div>\n<div class=\"col medium-8 small-12 large-8\"  ><div class=\"col-inner\"  >\n\n<ul>\n<li class=\"bullet-arrow\">Izaberite zabavan na\u010din da istra\u017eite Beograd<\/li>\n<li class=\"bullet-arrow\">Prilikom svakog iznajmljivanja elektri\u010dnog trotineta, dobi\u0107ete mapu grada Beograda, s amestima koja preporu\u010dujemo za obilazak<\/li>\n<li class=\"bullet-arrow\">Iznajmite kvalitetan elektri\u010dni trotinet sa dugove\u010dnom baterijom<\/li>\n<\/ul>\n\n<\/div><\/div>\n<div class=\"col small-12 large-12\"  ><div class=\"col-inner\"  >\n\n<div class=\"text-center\"><div class=\"is-divider divider clearfix\" style=\"max-width:100%;height:1px;\"><\/div><\/div><!-- .divider -->\n\n\n<\/div><\/div>\n\n<\/div>\n<div class=\"row\"  id=\"row-31283240\">\n\n<div class=\"col medium-4 small-12 large-4\"  ><div class=\"col-inner\"  >\n\n<h5>OPIS<\/h5>\n\n<\/div><\/div>\n<div class=\"col medium-8 small-12 large-8\"  ><div class=\"col-inner\"  >\n\n<p>Izaberite \u017eeljeni elektri\u010dni trotinet i mi \u0107emo ga poptuno besplatno dostaviti na \u017eeljenu lokaciju, ili isti mo\u017eete preuzeti u sedi\u0161tu na\u0161e agencije. Prilikom preuzimanja elektri\u010dnog trotineta, do\u010deka\u0107e vas na\u0161e ljubazno osoblje, koje je uvek spremno da iza\u0111e u susret svim zahtevima i molbama na\u0161ih klijenata. Tako\u0111e, po potrebi vam mo\u017eemo obezbediti i za\u0161titnu opremu, odnosno kacigu.<\/p>\n<p>Beograd pru\u017ea mno\u0161tvo mogu\u0107nosti za razgledanje, pri \u010demu se posebno izdvajaju delovi grada poput Kalemegdana, Ada Ciganlija, Beogradska promenada, kao i zdanje Skup\u0161tine Republike Srbije.<\/p>\n<p>Elektri\u010dni trotineti su zabavna alternativa prevoznog sredstva, koja \u0107e vam u\u0161tedeti vreme i omogu\u0107iti da posetite mnogobrojne znamenitosti koje vam Beograd pru\u017ea.<\/p>\n\n<\/div><\/div>\n<div class=\"col small-12 large-12\"  ><div class=\"col-inner\"  >\n\n<div class=\"text-center\"><div class=\"is-divider divider clearfix\" style=\"max-width:100%;height:1px;\"><\/div><\/div><!-- .divider -->\n\n\n<\/div><\/div>\n\n<\/div>\n<div class=\"row\"  id=\"row-1786818800\">\n\n<div class=\"col medium-4 small-12 large-4\"  ><div class=\"col-inner\"  >\n\n<h5>Ura\u010dunato u cenu:<\/h5>\n\n<\/div><\/div>\n<div class=\"col medium-8 small-12 large-8\"  ><div class=\"col-inner\"  >\n\n<ul>\n<li class=\"bullet-arrow\">Elektri\u010dni trotinet<\/li>\n<li class=\"bullet-arrow\">Za\u0161titna oprema<\/li>\n<li class=\"bullet-arrow\">Mapa sa predlogom rute<\/li>\n<\/ul>\n\n<\/div><\/div>\n<div class=\"col small-12 large-12\"  ><div class=\"col-inner\"  >\n\n<div class=\"text-center\"><div class=\"is-divider divider clearfix\" style=\"max-width:100%;height:1px;\"><\/div><\/div><!-- .divider -->\n\n\n<\/div><\/div>\n\n<\/div>\n<div class=\"row\"  id=\"row-274490250\">\n\n<div class=\"col medium-4 small-12 large-4\"  ><div class=\"col-inner\"  >\n\n<h5>Nije predvi\u0111eno za:<\/h5>\n\n<\/div><\/div>\n<div class=\"col medium-8 small-12 large-8\"  ><div class=\"col-inner\"  >\n\n<ul>\n<li class=\"bullet-arrow\">Decu ispod 12 godina<\/li>\n<li class=\"bullet-arrow\">Trudnice<\/li>\n<\/ul>\n\n<\/div><\/div>\n\n<\/div>\n<div class=\"row\"  id=\"row-1032411109\">\n\n<div class=\"col small-12 large-12\"  ><div class=\"col-inner\"  >\n\n\n<div class=\"wpcf7 no-js\" id=\"wpcf7-f1335-o1\" lang=\"en-US\" dir=\"ltr\" data-wpcf7-id=\"1335\">\n<div class=\"screen-reader-response\"><p role=\"status\" aria-live=\"polite\" aria-atomic=\"true\"><\/p> <ul><\/ul><\/div>\n<form action=\"\/sr\/wp-json\/wp\/v2\/pages\/1946#wpcf7-f1335-o1\" method=\"post\" class=\"wpcf7-form init\" aria-label=\"Contact form\" novalidate=\"novalidate\" data-status=\"init\">\n<div style=\"display: none;\">\n<input type=\"hidden\" name=\"_wpcf7\" value=\"1335\" \/>\n<input type=\"hidden\" name=\"_wpcf7_version\" value=\"6.0.1\" \/>\n<input type=\"hidden\" name=\"_wpcf7_locale\" value=\"en_US\" \/>\n<input type=\"hidden\" name=\"_wpcf7_unit_tag\" value=\"wpcf7-f1335-o1\" \/>\n<input type=\"hidden\" name=\"_wpcf7_container_post\" value=\"0\" \/>\n<input type=\"hidden\" name=\"_wpcf7_posted_data_hash\" value=\"\" \/>\n<input type=\"hidden\" name=\"_wpcf7dtx_version\" value=\"5.0.2\" \/>\n<input type=\"hidden\" name=\"_wpcf7_recaptcha_response\" value=\"\" \/>\n<\/div>\n<div class=\"form-flat\" id=\"e-scooter-request\">\n\t<h3 class=\"section-title section-title-green my-40 section-title-bold-center\"><b><\/b><span class=\"section-title-main\">E-Scooter request<\/span><b><\/b>\n\t<\/h3>\n\t<div class=\"row\">\n\t\t<div class=\"large-6 col\">\n\t\t\t<p><label>Pickup Address: *<\/label><br \/>\n<small>Ex: Your full home address<\/small><br \/>\n<span class=\"wpcf7-form-control-wrap\" data-name=\"pickup-address\"><input size=\"40\" maxlength=\"400\" class=\"wpcf7-form-control wpcf7-text wpcf7-validates-as-required required\" aria-required=\"true\" aria-invalid=\"false\" placeholder=\"Pickup Address\" value=\"\" type=\"text\" name=\"pickup-address\" \/><\/span>\n\t\t\t<\/p>\n\t\t<\/div>\n\t\t<div class=\"large-6 col\">\n\t\t\t<p><label>Returning Address: *<\/label><br \/>\n<small>Ex: Your full home address<\/small><br \/>\n<span class=\"wpcf7-form-control-wrap\" data-name=\"returning-address\"><input size=\"40\" maxlength=\"400\" class=\"wpcf7-form-control wpcf7-text wpcf7-validates-as-required required\" aria-required=\"true\" aria-invalid=\"false\" placeholder=\"Returning Address\" value=\"\" type=\"text\" name=\"returning-address\" \/><\/span>\n\t\t\t<\/p>\n\t\t<\/div>\n\t\t<div class=\"large-6 small-6 col\">\n\t\t\t<p><label>Pickup date: *<\/label><br \/>\n<span class=\"wpcf7-form-control-wrap\" data-name=\"pickup-date\"><input class=\"wpcf7-form-control wpcf7-date wpcf7-validates-as-required wpcf7-validates-as-date required datepicker\" aria-required=\"true\" aria-invalid=\"false\" placeholder=\"Choose a Date\" value=\"\" type=\"date\" name=\"pickup-date\" \/><\/span>\n\t\t\t<\/p>\n\t\t<\/div>\n\t\t<div class=\"large-6 small-6 col\">\n\t\t\t<p><label>Returning date: *<\/label><br \/>\n<span class=\"wpcf7-form-control-wrap\" data-name=\"returning-date\"><input class=\"wpcf7-form-control wpcf7-date wpcf7-validates-as-required wpcf7-validates-as-date required datepicker\" aria-required=\"true\" aria-invalid=\"false\" placeholder=\"Choose a Date\" value=\"\" type=\"date\" name=\"returning-date\" \/><\/span>\n\t\t\t<\/p>\n\t\t<\/div>\n\t\t<div class=\"large-4 col\">\n\t\t\t<p><label>Full name: *<\/label><br \/>\n<span class=\"wpcf7-form-control-wrap\" data-name=\"full-name\"><input size=\"40\" maxlength=\"400\" class=\"wpcf7-form-control wpcf7-text wpcf7-validates-as-required required\" aria-required=\"true\" aria-invalid=\"false\" placeholder=\"Your Full Name\" value=\"\" type=\"text\" name=\"full-name\" \/><\/span>\n\t\t\t<\/p>\n\t\t<\/div>\n\t\t<div class=\"large-4 col\">\n\t\t\t<p><label>Email address: *<\/label><br \/>\n<span class=\"wpcf7-form-control-wrap\" data-name=\"email\"><input size=\"40\" maxlength=\"400\" class=\"wpcf7-form-control wpcf7-email wpcf7-validates-as-required wpcf7-text wpcf7-validates-as-email required\" aria-required=\"true\" aria-invalid=\"false\" placeholder=\"Your Email Address\" value=\"\" type=\"email\" name=\"email\" \/><\/span>\n\t\t\t<\/p>\n\t\t<\/div>\n\t\t<div class=\"large-4 col\">\n\t\t\t<p><label>Phone: <\/label><br \/>\n<span class=\"wpcf7-form-control-wrap\" data-name=\"phone\"><input size=\"40\" maxlength=\"400\" class=\"wpcf7-form-control wpcf7-text required\" aria-invalid=\"false\" placeholder=\"Your Phone (Optional)\" value=\"\" type=\"text\" name=\"phone\" \/><\/span>\n\t\t\t<\/p>\n\t\t<\/div>\n\t\t<div class=\"large-12 col\">\n\t\t\t<p><label>Note: <\/label><br \/>\n<small>Ex: Additional request or question<\/small><br \/>\n<span class=\"wpcf7-form-control-wrap\" data-name=\"your-message\"><textarea cols=\"40\" rows=\"10\" maxlength=\"2000\" class=\"wpcf7-form-control wpcf7-textarea\" aria-invalid=\"false\" placeholder=\"Note (Optional)\" name=\"your-message\"><\/textarea><\/span><br \/>\n<input class=\"wpcf7-form-control wpcf7-submit has-spinner button\" type=\"submit\" value=\"Submit\" \/>\n\t\t\t<\/p>\n\t\t<\/div>\n\t<\/div>\n<\/div><div class=\"wpcf7-response-output\" aria-hidden=\"true\"><\/div>\n<\/form>\n<\/div>\n\n\n\n<\/div><\/div>\n\n\n<style scope=\"scope\">\n\n#row-1032411109 > .col > .col-inner {\n  background-color: rgb(255,255,255);\n}\n<\/style>\n<\/div>\n","protected":false},"excerpt":{"rendered":"","protected":false},"author":1,"featured_media":1433,"parent":0,"menu_order":0,"comment_status":"closed","ping_status":"closed","template":"page-blank.php","meta":{"footnotes":""},"class_list":["post-1946","page","type-page","status-publish","has-post-thumbnail","hentry"],"_links":{"self":[{"href":"https:\/\/rentacarcube.com\/sr\/wp-json\/wp\/v2\/pages\/1946","targetHints":{"allow":["GET"]}}],"collection":[{"href":"https:\/\/rentacarcube.com\/sr\/wp-json\/wp\/v2\/pages"}],"about":[{"href":"https:\/\/rentacarcube.com\/sr\/wp-json\/wp\/v2\/types\/page"}],"author":[{"embeddable":true,"href":"https:\/\/rentacarcube.com\/sr\/wp-json\/wp\/v2\/users\/1"}],"replies":[{"embeddable":true,"href":"https:\/\/rentacarcube.com\/sr\/wp-json\/wp\/v2\/comments?post=1946"}],"version-history":[{"count":0,"href":"https:\/\/rentacarcube.com\/sr\/wp-json\/wp\/v2\/pages\/1946\/revisions"}],"wp:featuredmedia":[{"embeddable":true,"href":"https:\/\/rentacarcube.com\/sr\/wp-json\/wp\/v2\/media\/1433"}],"wp:attachment":[{"href":"https:\/\/rentacarcube.com\/sr\/wp-json\/wp\/v2\/media?parent=1946"}],"curies":[{"name":"wp","href":"https:\/\/api.w.org\/{rel}","templated":true}]}}