{"id":798,"date":"2016-03-31T15:07:47","date_gmt":"2016-03-31T15:07:47","guid":{"rendered":"https:\/\/rentacarcube.com\/contact\/"},"modified":"2026-03-30T18:12:28","modified_gmt":"2026-03-30T18:12:28","slug":"kontakt","status":"publish","type":"page","link":"https:\/\/rentacarcube.com\/sr\/kontakt\/","title":{"rendered":"Kontakt"},"content":{"rendered":"\n\n  <div class=\"banner has-hover has-parallax\" id=\"banner-2123433496\">\n          <div class=\"banner-inner fill\">\n        <div class=\"banner-bg fill\" data-parallax=\"-3\" data-parallax-container=\".banner\" data-parallax-background>\n            <div class=\"bg fill bg-fill \"><\/div>\n                        <div class=\"overlay\"><\/div>            \n                    <\/div><!-- bg-layers -->\n        <div class=\"banner-layers container\">\n            <div class=\"fill banner-link\"><\/div>            \n\n   <div id=\"text-box-26323793\" class=\"text-box banner-layer x50 md-x50 lg-x50 y50 md-y50 lg-y50 res-text\">\n              <div data-parallax=\"-4\" data-parallax-fade=\"true\">                  <div class=\"text dark text-shadow-1\">\n              \n              <div class=\"text-inner text-center\">\n                  \n\n<h3 class=\"uppercase\"><strong>Kontaktirajte nas<\/strong><\/h3>\n<p class=\"lead\">Dostupni 00-24h, 7 dana u nedelji<\/p>\n\n              <\/div>\n           <\/div><!-- text-box-inner -->\n              <\/div>              \n<style scope=\"scope\">\n\n#text-box-26323793 {\n  width: 60%;\n}\n#text-box-26323793 .text {\n  font-size: 100%;\n}\n<\/style>\n    <\/div><!-- text-box -->\n \n\n        <\/div><!-- .banner-layers -->\n      <\/div><!-- .banner-inner -->\n\n            \n<style scope=\"scope\">\n\n#banner-2123433496 {\n  padding-top: 261px;\n}\n#banner-2123433496 .bg.bg-loaded {\n  background-image: url(https:\/\/rentacarcube.com\/wp-content\/uploads\/2019\/06\/antique-black-classic-1416530-1200x800.jpg);\n}\n#banner-2123433496 .overlay {\n  background-color: rgba(0,0,0,.5);\n}\n#banner-2123433496 .bg {\n  background-position: 77% 49%;\n}\n<\/style>\n  <\/div><!-- .banner -->\n\n\n\t<section class=\"section has-mask mask-arrow\" id=\"section_1202105876\">\n\t\t<div class=\"bg section-bg fill bg-fill  bg-loaded\" >\n\n\t\t\t\n\t\t\t\n\t\t\t\n\n\t\t<\/div><!-- .section-bg -->\n\n\t\t<div class=\"section-content relative\">\n\t\t\t\n\n<div class=\"row\"  id=\"row-940020345\">\n\n<div class=\"col medium-6 small-12 large-6\"  ><div class=\"col-inner\"  >\n\n<div class=\"container section-title-container\" style=\"margin-top:30px;\"><h3 class=\"section-title section-title-normal\"><b><\/b><span class=\"section-title-main\" >Kontakt formular<\/span><b><\/b><\/h3><\/div><!-- .section-title -->\n\n\n<div class=\"wpcf7 no-js\" id=\"wpcf7-f809-o1\" lang=\"en-US\" dir=\"ltr\" data-wpcf7-id=\"809\">\n<div class=\"screen-reader-response\"><p role=\"status\" aria-live=\"polite\" aria-atomic=\"true\"><\/p> <ul><\/ul><\/div>\n<form action=\"\/sr\/wp-json\/wp\/v2\/pages\/798#wpcf7-f809-o1\" method=\"post\" class=\"wpcf7-form init\" aria-label=\"Contact form\" novalidate=\"novalidate\" data-status=\"init\">\n<div style=\"display: none;\">\n<input type=\"hidden\" name=\"_wpcf7\" value=\"809\" \/>\n<input type=\"hidden\" name=\"_wpcf7_version\" value=\"6.0.1\" \/>\n<input type=\"hidden\" name=\"_wpcf7_locale\" value=\"en_US\" \/>\n<input type=\"hidden\" name=\"_wpcf7_unit_tag\" value=\"wpcf7-f809-o1\" \/>\n<input type=\"hidden\" name=\"_wpcf7_container_post\" value=\"0\" \/>\n<input type=\"hidden\" name=\"_wpcf7_posted_data_hash\" value=\"\" \/>\n<input type=\"hidden\" name=\"_wpcf7dtx_version\" value=\"5.0.2\" \/>\n<input type=\"hidden\" name=\"_wpcf7_recaptcha_response\" value=\"\" \/>\n<\/div>\n<p><label>Ime i prezime<\/label><br \/>\n<span class=\"wpcf7-form-control-wrap\" data-name=\"full-name\"><input size=\"40\" maxlength=\"400\" class=\"wpcf7-form-control wpcf7-text wpcf7-validates-as-required\" aria-required=\"true\" aria-invalid=\"false\" value=\"\" type=\"text\" name=\"full-name\" \/><\/span>\n<\/p>\n<p><label>Email Adresa<\/label><br \/>\n<span class=\"wpcf7-form-control-wrap\" data-name=\"email-address\"><input size=\"40\" maxlength=\"400\" class=\"wpcf7-form-control wpcf7-email wpcf7-validates-as-required wpcf7-text wpcf7-validates-as-email\" aria-required=\"true\" aria-invalid=\"false\" value=\"\" type=\"email\" name=\"email-address\" \/><\/span>\n<\/p>\n<p><label>Broj telefona<\/label><br \/>\n<span class=\"wpcf7-form-control-wrap\" data-name=\"phone\"><input size=\"40\" maxlength=\"400\" class=\"wpcf7-form-control wpcf7-text\" aria-invalid=\"false\" value=\"\" type=\"text\" name=\"phone\" \/><\/span>\n<\/p>\n<p><label>Poruka<\/label><br \/>\n<span class=\"wpcf7-form-control-wrap\" data-name=\"message\"><textarea cols=\"40\" rows=\"10\" maxlength=\"2000\" class=\"wpcf7-form-control wpcf7-textarea wpcf7-validates-as-required\" aria-required=\"true\" aria-invalid=\"false\" name=\"message\"><\/textarea><\/span>\n<\/p>\n<p><input class=\"wpcf7-form-control wpcf7-submit has-spinner button\" type=\"submit\" value=\"Po\u0161alji\" \/>\n<\/p><div class=\"wpcf7-response-output\" aria-hidden=\"true\"><\/div>\n<\/form>\n<\/div>\n\n\n\n<\/div><\/div>\n<div class=\"col medium-6 small-12 large-6\"  ><div class=\"col-inner\"  >\n\n<div class=\"container section-title-container\" style=\"margin-top:30px;\"><h3 class=\"section-title section-title-normal\"><b><\/b><span class=\"section-title-main\" >Kontakt info<\/span><b><\/b><\/h3><\/div><!-- .section-title -->\n\n<p><strong>Address:<br \/><\/strong>Antifasisticke borbe 38, 11000 Belgrade, Serbia<\/p>\n<p><strong>Isporuka Address Aerodrom:<br \/><\/strong>Aerodrom Nikola Tesla, 11180 Belgrade, Serbia<\/p>\n<p><strong>Telefon:<br \/><\/strong><a href=\"tel:+381 64 52 888 25\">+381 64 52 888 25<\/a><\/p>\n<p><strong>Email:<\/strong><br \/><a href=\"mailto:office@rentacarcube.com\">office@rentacarcube.com<\/a><br \/><small>Ukoliko nas kontaktirate putem Emaila, uklju\u010dite i Va\u0161e podatke kako bi Vas kontaktirali u \u0161to kra\u0107em roku.<\/small><\/p>\n<p><strong>Lokacija:<\/strong><br \/><a href=\"https:\/\/g.page\/rent-a-car-cube?share\" target=\"_blank\" rel=\"noopener noreferrer\">Google Maps<\/a><\/p>\n<p><strong>Radno vreme:<\/strong><br \/>Pon-Ned: 00:00-24:00h<\/p>\n<p class=\"social-contact\"><strong>Dru\u0161tvene mre\u017ee:<\/strong><br \/><a class=\"icon plain facebook tooltip tooltipstered\" href=\"https:\/\/www.facebook.com\/Rent-a-car-Beograd-Belgrade-CUBE-440785033430415\/\" target=\"_blank\" rel=\"noopener noreferrer nofollow\" data-label=\"Facebook\"> Facebook <\/a> | <a class=\"icon plaininstagram tooltip tooltipstered\" href=\"https:\/\/www.instagram.com\/rentacar_belgrade_cube\/\" target=\"_blank\" rel=\"noopener noreferrer nofollow\" data-label=\"Instagram\"> Instagram<\/a> | <a class=\"icon plaintwitter tooltip tooltipstered\" href=\"https:\/\/twitter.com\/cube_rent\" target=\"_blank\" rel=\"noopener noreferrer nofollow\" data-label=\"Twitter\"> Twitter<\/a> | <a class=\"icon plainlinkedin tooltip tooltipstered\" href=\"https:\/\/www.linkedin.com\/company\/cube-rent-a-car\/\" target=\"_blank\" rel=\"noopener noreferrer nofollow\" data-label=\"LinkedIn\"> Linkedin<\/a><\/p>\n\n<\/div><\/div>\n\n<\/div>\n\n\t\t<\/div><!-- .section-content -->\n\n\t\t\n<style scope=\"scope\">\n\n#section_1202105876 {\n  padding-top: 45px;\n  padding-bottom: 45px;\n  background-color: rgb(255, 255, 255);\n}\n<\/style>\n\t<\/section>\n\t\n\n","protected":false},"excerpt":{"rendered":"","protected":false},"author":1,"featured_media":0,"parent":0,"menu_order":99,"comment_status":"closed","ping_status":"closed","template":"page-blank.php","meta":{"footnotes":""},"class_list":["post-798","page","type-page","status-publish","hentry"],"_links":{"self":[{"href":"https:\/\/rentacarcube.com\/sr\/wp-json\/wp\/v2\/pages\/798","targetHints":{"allow":["GET"]}}],"collection":[{"href":"https:\/\/rentacarcube.com\/sr\/wp-json\/wp\/v2\/pages"}],"about":[{"href":"https:\/\/rentacarcube.com\/sr\/wp-json\/wp\/v2\/types\/page"}],"author":[{"embeddable":true,"href":"https:\/\/rentacarcube.com\/sr\/wp-json\/wp\/v2\/users\/1"}],"replies":[{"embeddable":true,"href":"https:\/\/rentacarcube.com\/sr\/wp-json\/wp\/v2\/comments?post=798"}],"version-history":[{"count":1,"href":"https:\/\/rentacarcube.com\/sr\/wp-json\/wp\/v2\/pages\/798\/revisions"}],"predecessor-version":[{"id":312989,"href":"https:\/\/rentacarcube.com\/sr\/wp-json\/wp\/v2\/pages\/798\/revisions\/312989"}],"wp:attachment":[{"href":"https:\/\/rentacarcube.com\/sr\/wp-json\/wp\/v2\/media?parent=798"}],"curies":[{"name":"wp","href":"https:\/\/api.w.org\/{rel}","templated":true}]}}