{"id":803,"date":"2019-06-22T12:55:35","date_gmt":"2019-06-22T12:55:35","guid":{"rendered":"https:\/\/rentacarcube.com\/terms-and-conditions\/"},"modified":"2023-05-12T09:17:42","modified_gmt":"2023-05-12T09:17:42","slug":"uslovi-koriscenja","status":"publish","type":"page","link":"https:\/\/rentacarcube.com\/sr\/uslovi-koriscenja\/","title":{"rendered":"Uslovi kori\u0161\u0107enja"},"content":{"rendered":"\n\n  <div class=\"banner has-hover has-parallax\" id=\"banner-1862653219\">\n          <div class=\"banner-inner fill\">\n        <div class=\"banner-bg fill\" data-parallax=\"-3\" data-parallax-container=\".banner\" data-parallax-background>\n            <div class=\"bg fill bg-fill \"><\/div>\n                        <div class=\"overlay\"><\/div>            \n                    <\/div><!-- bg-layers -->\n        <div class=\"banner-layers container\">\n            <div class=\"fill banner-link\"><\/div>            \n\n   <div id=\"text-box-547736582\" class=\"text-box banner-layer x50 md-x50 lg-x50 y50 md-y50 lg-y50 res-text\">\n              <div data-parallax=\"-4\" data-parallax-fade=\"true\">                  <div class=\"text dark\">\n              \n              <div class=\"text-inner text-center\">\n                  \n\n<h3 class=\"uppercase\"><strong>Uslovi kori\u0161\u0107enja<\/strong><\/h3>\n<p class=\"lead\">Uslovi iznajmljivanja vozila i pravila<\/p>\n\n              <\/div>\n           <\/div><!-- text-box-inner -->\n              <\/div>              \n<style scope=\"scope\">\n\n#text-box-547736582 {\n  width: 60%;\n}\n#text-box-547736582 .text {\n  font-size: 100%;\n}\n<\/style>\n    <\/div><!-- text-box -->\n \n\n        <\/div><!-- .banner-layers -->\n      <\/div><!-- .banner-inner -->\n\n            \n<style scope=\"scope\">\n\n#banner-1862653219 {\n  padding-top: 261px;\n}\n#banner-1862653219 .bg.bg-loaded {\n  background-image: url(https:\/\/rentacarcube.com\/wp-content\/uploads\/2019\/06\/Uslovi-slika-1067x800.jpg);\n}\n#banner-1862653219 .overlay {\n  background-color: rgba(0,0,0,.5);\n}\n#banner-1862653219 .bg {\n  background-position: 57% 60%;\n}\n<\/style>\n  <\/div><!-- .banner -->\n\n\n\t<section class=\"section has-mask mask-arrow\" id=\"section_868153330\">\n\t\t<div class=\"bg section-bg fill bg-fill  bg-loaded\" >\n\n\t\t\t\n\t\t\t\n\t\t\t\n\n\t\t<\/div><!-- .section-bg -->\n\n\t\t<div class=\"section-content relative\">\n\t\t\t\n\n<div class=\"row\"  id=\"row-346374379\">\n\n<div class=\"col small-12 large-12\"  ><div class=\"col-inner\" style=\"padding:0px 0px 0px 0px;margin:0px 0px 0px 0px;\" >\n\n<p>Vozilo mogu iznajmiti osobe starije od 23 godine i mla\u0111e od 80 godina, pod uslovom da poseduju validnu voza\u010dku dozvolu du\u017ee od 2 godine.<\/p>\n<p>Prilikom iznajmljivanja vozila obavezna je identifikacija putem va\u017ee\u0107e li\u010dne karte ili paso\u0161a.<\/p>\n<p>Minimalna du\u017eina najma vozila je 1 dan, odnosno 24 \u010dasa. Vreme preuzimanja vozila i vra\u0107anja moraju biti isti, s tim da toleri\u0161emo 60 minuta ka\u0161njenja prilikom vra\u0107anja vozila. Nakon isteka vremena predvi\u0111enog za vra\u0107anje vozila, automatski se ra\u010duna novi dodatni dan najma vozila.<\/p>\n<p>Najam se pla\u0107a prilikom preuzimanja vozila, putem kreditne kartice, uplatom na ra\u010dun ili gotovinom.<\/p>\n<p>Depozit je obavezan u iznosu od 100 eura, ukoliko se uplati ful kasko osiguranje, u suprotnom deposit \u0107e zavisiti od vrste vozila koje ste odabrali.<\/p>\n<p>Vozilo se mo\u017ee preuzeti u jednoj od na\u0161ih poslovnica ili dostavom na \u017eeljenu adresu (hotel, ku\u0107na adresa, preduze\u0107e i sli\u0107no) potpuno BESPLATNO.<\/p>\n<p>Vozilo se mo\u017ee preuzeti i vratiti izvan radnog vremena, na prethodnu najavu.<\/p>\n<p>Prilikom preuzimanja vozila, automobil dobijate sa punim rezervoarom i u obavezi ste da ga sa punim rezervoarom i vratite. U suprotnom da ne vratite automobile sa punim rezervoarom, cena goriva \u0107e se obra\u010dunavati prema zvani\u010dnom cenovniku NIS pumpi.<\/p>\n<p>Tro\u0161kovi koji su nastali tokom najma vozila, a koji se odnose na saobra\u0107ajne prekr\u0161aje i ostale kazne (parking kazne, itd.), snosi\u0107e KORISNIK najma vozila. Kazne koje nastanu tokom najma vozila, neophodno ih je odmah izmiriti. Ukoliko nastale kazne za vreme najma dospu nakon najma a nisu izmirene niti prijavljene na\u0161oj kompaniji, pokrenu\u0107e se sudski postupak u cilju izmirenja iste.<\/p>\n<p>Osiguranje ne pokriva \u0161tete nastale u unutra\u0161njosti vozila, o\u0161te\u0107enje guma i to\u010dkova, o\u0161te\u0107enje donjeg trapa, kvarovi na motoru, slomljen ili iygubljen klju\u010d, \u0161tete nastale tankanjem pogre\u0161ne vrste goriva i \u0161tene nastale svesno ili nepa\u017enjom. Sva nabrojana o\u0161te\u0107enja bi\u0107e napla\u0107ena u punom iznosu u momentu kada se vozilo vrati.<\/p>\n<p>Klijent preuzima potpunu odgovornost od 100% u smislu nadoknade \u0161tete ukoliko je vozilo ukradeno a tom prilikom nije vra\u0107en klju\u0107 i pripadaju\u0107a saobra\u0107ajna dozvola, odnosno tom prilikom kasko osiguranje automatski prestaje da va\u017ei.<\/p>\n<p>CUBE rent a car ne\u0107e biti odgovoran za kra\u0111u, o\u0161te\u0107enje i gubitak imovine koju korisnik prevozi u vozilu u vreme trajanja najma vozilu i po vra\u0107anju vozila iz najma.<\/p>\n<p>POLICIJSKI ZAPISNIK JE OBAVEZAN za sve vrste osiguranja. Bez policijskog zapisnika, celokupan iznos \u0161tete odnosno kra\u0111e bi\u0107e napla\u0107en od klijenata, bez obzira na vrstu kupljenog osiguranja. U slu\u010dajevima kada klijenat nije bio prisutan tokom o\u0161te\u0107enja vozila, neophodan je policijski zapisnik (u slu\u010dajevima kada je vozilo o\u0161te\u0107eno na parking od strane NN osobe).<\/p>\n<p>PROCEDURA U SLU\u010cAJU NESRE\u0106E, KRA\u0110E ILI O\u0160TE\u0106ENJA VOZILA JE SLEDE\u0106A:<\/p>\n<p>&#8211; Korisnik najma je du\u017ean da odmah obavesti policiju i CUBE rent a car i postupa po njihovim instrukcijama.<\/p>\n<p>&#8211; Korisnik je du\u017ean da zapi\u0161e podatke o drugim u\u0107esnicima nesre\u0107e, odnosno doga\u0111aja<\/p>\n<p>&#8211; Korisnik je du\u017ean da ukoliko mu dozvoljavaju mogu\u0107nosti sa\u010dini nekoliko fotografija sa mesta nesre\u0107e odnosno doga\u0111aja.<\/p>\n<p>&#8211; Korisnik je du\u017ean da sa\u010dini kratku izjavu u kojoj \u0107e opisati detalje nesre\u0107e, odnosno nastalog doga\u0111aja.<\/p>\n<p>Kori\u0161\u0107enje vozila izvan granica Srbije nije dozvoljeno bez prethodne pismene saglasnosti CUBE rent a car.<\/p>\n<p>Ukoliko korisnik napusti zemlju bez saglasnosti CUBE rent a car i pri tome do\u0111e do \u0161tete\/kra\u0111e vozila, korisniku \u0107e se obra\u010dunati pun iznos procenjene \u0161tete ili tr\u017ei\u0161na vrednost vozila.<\/p>\n<p>ZABRANJENO je iznajmljenim vozilom putovati u slede\u0107e dr\u017eave i podru\u010dja: Rusija, Belorusija, Ukraina, Kosovo, Albanija i Turska. OSIGURANJE NE VA\u017dI za ova podru\u010dja.<\/p>\n<p>Vozilo se ne sme koristiti za \u0161lepanje drugih vozila, za sportska takmi\u010denja, u protivzakonite svrhe( npr. izvr\u0161enje krivicnog dela, carinskih prekr\u0161aja i dr.), ako je pretovareno,odnosno ako se u njemu nalazi vi\u0161e putnika nego \u0161to je dozvoljeno tehni\u010dkom dokumentacijom za taj tip vozila, kao i za prevoz\u017eivotina, lako zapaljivog i eksplozivnog materijala ,materijala sa neprijatnim mirisom i materijala koji svojim oblikom mogu na bilo koji na\u010din o\u0161tetiti unutra\u0161njost vozila.<\/p>\n<p>Zabranjeno je da se vozilom upravlja po uticajem alkohola, lekova i droga.<\/p>\n<p>U ovim slu\u010dajevima, ni jedno osiguranje NE VA\u017dI \u2013 klijentu se napla\u0107uje pun iznos \u0161tete\/kra\u0111e.<\/p>\n<p>Iznajmljenim vozilom mo\u017ee upravljati samo lice koje je upisano kao voza\u010d u ugovoru o najmu vozila.<\/p>\n<p>Dozvoljava se mogu\u0107nost da se upi\u0161e jo\u0161 jedan dodatni voza\u010d, uz odobrenje CUBE rent a car, prilikom preuzimanja vozila.<\/p>\n<p>Zabranjeno je iznajmljeno vozilo davati na kori\u0161\u0107enje neovla\u0161\u0107enim licima tj. licima koja nisu upisana u ugovor o najmu.U ovim slu\u010dajevima,osiguranje NE VA\u017dI &#8211; klijentu se napla\u0107uje pun iznos \u0161tete\/kra\u0111e.<\/p>\n<p>Me\u0111usobna prava i obaveze CUBE Rent A Car kao Najmodavca i Vas kao Najmoprimca &#8211; korisnik su precizno regulisana Ugovorom o najmu koji se potpisuje prilikom preuzimanja vozila.<\/p>\n<p>CUBE rent a car zadr\u017eava pravo izmene cena i uslova bez predhodnog obave\u0161tenja KORISNIKA.<\/p>\n\n<\/div><\/div>\n\n<\/div>\n\n\t\t<\/div><!-- .section-content -->\n\n\t\t\n<style scope=\"scope\">\n\n#section_868153330 {\n  padding-top: 70px;\n  padding-bottom: 70px;\n  background-color: rgb(255, 255, 255);\n}\n<\/style>\n\t<\/section>\n\t\n","protected":false},"excerpt":{"rendered":"","protected":false},"author":1,"featured_media":0,"parent":0,"menu_order":2,"comment_status":"closed","ping_status":"closed","template":"page-blank.php","meta":{"footnotes":""},"class_list":["post-803","page","type-page","status-publish","hentry"],"_links":{"self":[{"href":"https:\/\/rentacarcube.com\/sr\/wp-json\/wp\/v2\/pages\/803","targetHints":{"allow":["GET"]}}],"collection":[{"href":"https:\/\/rentacarcube.com\/sr\/wp-json\/wp\/v2\/pages"}],"about":[{"href":"https:\/\/rentacarcube.com\/sr\/wp-json\/wp\/v2\/types\/page"}],"author":[{"embeddable":true,"href":"https:\/\/rentacarcube.com\/sr\/wp-json\/wp\/v2\/users\/1"}],"replies":[{"embeddable":true,"href":"https:\/\/rentacarcube.com\/sr\/wp-json\/wp\/v2\/comments?post=803"}],"version-history":[{"count":0,"href":"https:\/\/rentacarcube.com\/sr\/wp-json\/wp\/v2\/pages\/803\/revisions"}],"wp:attachment":[{"href":"https:\/\/rentacarcube.com\/sr\/wp-json\/wp\/v2\/media?parent=803"}],"curies":[{"name":"wp","href":"https:\/\/api.w.org\/{rel}","templated":true}]}}