{"id":815,"date":"2019-06-11T20:13:51","date_gmt":"2019-06-11T20:13:51","guid":{"rendered":"https:\/\/rentacarcube.com\/corporate-offer\/"},"modified":"2024-11-26T20:47:52","modified_gmt":"2024-11-26T20:47:52","slug":"korporativna-ponuda","status":"publish","type":"page","link":"https:\/\/rentacarcube.com\/sr\/korporativna-ponuda\/","title":{"rendered":"Korporativna ponuda"},"content":{"rendered":"\n\n  <div class=\"banner has-hover has-parallax\" id=\"banner-1046293660\">\n          <div class=\"banner-inner fill\">\n        <div class=\"banner-bg fill\" data-parallax=\"-3\" data-parallax-container=\".banner\" data-parallax-background>\n            <div class=\"bg fill bg-fill \"><\/div>\n                        <div class=\"overlay\"><\/div>            \n                    <\/div><!-- bg-layers -->\n        <div class=\"banner-layers container\">\n            <div class=\"fill banner-link\"><\/div>            \n\n   <div id=\"text-box-687958901\" class=\"text-box banner-layer x50 md-x50 lg-x50 y50 md-y50 lg-y50 res-text\">\n              <div data-parallax=\"-4\" data-parallax-fade=\"true\">                  <div class=\"text dark\">\n              \n              <div class=\"text-inner text-center\">\n                  \n\n<h3 class=\"uppercase\"><strong>Korporativna ponuda<\/strong><\/h3>\n<p class=\"lead\">Dugoro\u010dni najam vozila nudimo fleksibilna re\u0161enja za bilo koje pitanje koje se name\u0107e u radu va\u0161eg kompanijskog voznog parka.<\/p>\n\n              <\/div>\n           <\/div><!-- text-box-inner -->\n              <\/div>              \n<style scope=\"scope\">\n\n#text-box-687958901 {\n  width: 60%;\n}\n#text-box-687958901 .text {\n  font-size: 100%;\n}\n<\/style>\n    <\/div><!-- text-box -->\n \n\n        <\/div><!-- .banner-layers -->\n      <\/div><!-- .banner-inner -->\n\n            \n<style scope=\"scope\">\n\n#banner-1046293660 {\n  padding-top: 261px;\n}\n#banner-1046293660 .bg.bg-loaded {\n  background-image: url(https:\/\/rentacarcube.com\/wp-content\/uploads\/2019\/06\/korporativna-ponuda-rent-a-car-1400x787.jpg);\n}\n#banner-1046293660 .overlay {\n  background-color: rgba(0,0,0,.5);\n}\n#banner-1046293660 .bg {\n  background-position: 54% 79%;\n}\n<\/style>\n  <\/div><!-- .banner -->\n\n\n\t<section class=\"section has-mask mask-arrow\" id=\"section_1809544782\">\n\t\t<div class=\"bg section-bg fill bg-fill  bg-loaded\" >\n\n\t\t\t\n\t\t\t\n\t\t\t\n\n\t\t<\/div><!-- .section-bg -->\n\n\t\t<div class=\"section-content relative\">\n\t\t\t\n\n<div class=\"row\"  id=\"row-626181644\">\n\n<div class=\"col small-12 large-12\"  ><div class=\"col-inner\" style=\"padding:0px 0px 0px 0px;margin:0px 0px 0px 0px;\" >\n\n<p>CUBE rent a car Beograd obezbe\u0111uje dugoro\u010dno rentiranje vozila kompanijama koje imaju potrebu za kompanijskim voznim parkom. Nudimo fleksibilna re\u0161enja za bilo koje pitanje koje se name\u0107e u radu va\u0161eg voznog parka. Pored toga nudimo posebne pogodnosti prema va\u0161im potrebama, koje izme\u0111u ostalog uklju\u010duju i brendiranje vozila.<\/p>\n<p>Upravljanje va\u0161im voznim parkom, odnosno flotni menad\u017ement podrazumeva \u0161irok dijapazon aktivnosti koje obuhvataju kupovinu vozila, registraciju, osiguranje, odr\u017eavanje i detaljno pra\u0107enje procesa eksploatacije vozila (sva na\u0161a vozila su opremljena GPS ure\u0111ajima, \u0161to vam omogu\u0107ava precizan uvid u svakom trenutku gde se nalazi vase vozilo, kao i koja je mese\u010dna eksploatacija istog). Takav vid usluge, koji se odnosi na potpuno upravljanje voznim parkom kompanija, omogu\u0107ava da se u potpunosti posvetite osnovnoj delatnosti va\u0161eg poslovanja.<\/p>\n<h3>PREDNOSTI DUGORO\u010cNOG NAJMA<\/h3>\n<ul>\n<li>Tro\u0161kovi administracije su svedeni na minimum, s obzirom da mi preuzimamo potpunu brigu o voznom parku, kompanija dobija jedan objedinjeni ra\u010dun sa svim tro\u0161kovima, koji su unapred dogovoreni po fiksnoj mese\u010dnoj naknadi.<\/li>\n<li>Svi rizici dodatnih tro\u0161kova u vezi sa odr\u017eavanjem vozila snosi\u0107e na\u0161a kompanija<\/li>\n<li>Prema definisanim uslovima poslovanja, na\u0161e usluge uklju\u010duju pomo\u0107 na putu, VIP usluge, zamensko vozilo ukoliko je potrebno, kao i ostali zahtevi koji se nametnu tokom perioda poslovanja bi\u0107e obezbe\u0111eni od strane na\u0161e kompanije.<\/li>\n<\/ul>\n\n<\/div><\/div>\n\n<\/div>\n\n\t\t<\/div><!-- .section-content -->\n\n\t\t\n<style scope=\"scope\">\n\n#section_1809544782 {\n  padding-top: 70px;\n  padding-bottom: 70px;\n  background-color: rgb(255, 255, 255);\n}\n<\/style>\n\t<\/section>\n\t\n\t<section class=\"section has-mask mask-arrow\" id=\"section_881890981\">\n\t\t<div class=\"bg section-bg fill bg-fill  bg-loaded\" >\n\n\t\t\t\n\t\t\t\n\t\t\t\n\n\t\t<\/div><!-- .section-bg -->\n\n\t\t<div class=\"section-content relative\">\n\t\t\t\n\n<div class=\"row\"  id=\"row-1509564532\">\n\n<div class=\"col small-12 large-12\"  ><div class=\"col-inner\"  >\n\n<div class=\"container section-title-container\" ><h3 class=\"section-title section-title-normal\"><b><\/b><span class=\"section-title-main\" >Kontaktirajte nas<\/span><b><\/b><\/h3><\/div><!-- .section-title -->\n\n\n<\/div><\/div>\n<div class=\"col medium-6 small-12 large-6\"  ><div class=\"col-inner\"  >\n\n<p>Na\u0161a kompanija koja je specijalizovana za flotni menad\u017ement, svojim klijentima nudi besplatan konsalting kako bi im omogu\u0107ila optimizaciju tro\u0161kova voznih parkova.<\/p>\n<p>Rukovo\u0111enje voznim parkom podrazumeva nabavku svih tipova i brendova vozila, bez obzira na strukturu vlasni\u0161tva, tip ili veli\u010dinu voznog parka.<\/p>\n<p>Mi u potpunosti koordini\u0161emo svim procesima koji se ti\u010du odr\u017eavanja voznog parka, bilo da se radi o redovnim servisima ili vanrednim popravkama, i tako\u0111e preuzimamo rizik dodatnih tro\u0161kova sa kojima je klijent unapred upoznat.<\/p>\n\n<\/div><\/div>\n<div class=\"col medium-6 small-12 large-6\"  ><div class=\"col-inner\"  >\n\n\n<div class=\"wpcf7 no-js\" id=\"wpcf7-f810-o1\" lang=\"en-US\" dir=\"ltr\" data-wpcf7-id=\"810\">\n<div class=\"screen-reader-response\"><p role=\"status\" aria-live=\"polite\" aria-atomic=\"true\"><\/p> <ul><\/ul><\/div>\n<form action=\"\/sr\/wp-json\/wp\/v2\/pages\/815#wpcf7-f810-o1\" method=\"post\" class=\"wpcf7-form init\" aria-label=\"Contact form\" novalidate=\"novalidate\" data-status=\"init\">\n<div style=\"display: none;\">\n<input type=\"hidden\" name=\"_wpcf7\" value=\"810\" \/>\n<input type=\"hidden\" name=\"_wpcf7_version\" value=\"6.0.1\" \/>\n<input type=\"hidden\" name=\"_wpcf7_locale\" value=\"en_US\" \/>\n<input type=\"hidden\" name=\"_wpcf7_unit_tag\" value=\"wpcf7-f810-o1\" \/>\n<input type=\"hidden\" name=\"_wpcf7_container_post\" value=\"0\" \/>\n<input type=\"hidden\" name=\"_wpcf7_posted_data_hash\" value=\"\" \/>\n<input type=\"hidden\" name=\"_wpcf7dtx_version\" value=\"5.0.2\" \/>\n<input type=\"hidden\" name=\"_wpcf7_recaptcha_response\" value=\"\" \/>\n<\/div>\n<p><label>Ime i prezime<\/label><br \/>\n<span class=\"wpcf7-form-control-wrap\" data-name=\"full-name\"><input size=\"40\" maxlength=\"400\" class=\"wpcf7-form-control wpcf7-text wpcf7-validates-as-required\" aria-required=\"true\" aria-invalid=\"false\" value=\"\" type=\"text\" name=\"full-name\" \/><\/span>\n<\/p>\n<p><label>Email Adresa<\/label><br \/>\n<span class=\"wpcf7-form-control-wrap\" data-name=\"email-address\"><input size=\"40\" maxlength=\"400\" class=\"wpcf7-form-control wpcf7-email wpcf7-validates-as-required wpcf7-text wpcf7-validates-as-email\" aria-required=\"true\" aria-invalid=\"false\" value=\"\" type=\"email\" name=\"email-address\" \/><\/span>\n<\/p>\n<p><label>Broj telefona<\/label><br \/>\n<span class=\"wpcf7-form-control-wrap\" data-name=\"phone\"><input size=\"40\" maxlength=\"400\" class=\"wpcf7-form-control wpcf7-text\" aria-invalid=\"false\" value=\"\" type=\"text\" name=\"phone\" \/><\/span>\n<\/p>\n<p><label>Poruka<\/label><br \/>\n<span class=\"wpcf7-form-control-wrap\" data-name=\"message\"><textarea cols=\"40\" rows=\"10\" maxlength=\"2000\" class=\"wpcf7-form-control wpcf7-textarea wpcf7-validates-as-required\" aria-required=\"true\" aria-invalid=\"false\" name=\"message\"><\/textarea><\/span>\n<\/p>\n<p><input class=\"wpcf7-form-control wpcf7-submit has-spinner button\" type=\"submit\" value=\"Po\u0161alji\" \/>\n<\/p><div class=\"wpcf7-response-output\" aria-hidden=\"true\"><\/div>\n<\/form>\n<\/div>\n\n\n\n<\/div><\/div>\n\n<\/div>\n\n\t\t<\/div><!-- .section-content -->\n\n\t\t\n<style scope=\"scope\">\n\n#section_881890981 {\n  padding-top: 0px;\n  padding-bottom: 0px;\n  background-color: rgb(255, 255, 255);\n}\n<\/style>\n\t<\/section>\n\t\n","protected":false},"excerpt":{"rendered":"","protected":false},"author":1,"featured_media":0,"parent":0,"menu_order":2,"comment_status":"closed","ping_status":"closed","template":"page-blank.php","meta":{"footnotes":""},"class_list":["post-815","page","type-page","status-publish","hentry"],"_links":{"self":[{"href":"https:\/\/rentacarcube.com\/sr\/wp-json\/wp\/v2\/pages\/815","targetHints":{"allow":["GET"]}}],"collection":[{"href":"https:\/\/rentacarcube.com\/sr\/wp-json\/wp\/v2\/pages"}],"about":[{"href":"https:\/\/rentacarcube.com\/sr\/wp-json\/wp\/v2\/types\/page"}],"author":[{"embeddable":true,"href":"https:\/\/rentacarcube.com\/sr\/wp-json\/wp\/v2\/users\/1"}],"replies":[{"embeddable":true,"href":"https:\/\/rentacarcube.com\/sr\/wp-json\/wp\/v2\/comments?post=815"}],"version-history":[{"count":0,"href":"https:\/\/rentacarcube.com\/sr\/wp-json\/wp\/v2\/pages\/815\/revisions"}],"wp:attachment":[{"href":"https:\/\/rentacarcube.com\/sr\/wp-json\/wp\/v2\/media?parent=815"}],"curies":[{"name":"wp","href":"https:\/\/api.w.org\/{rel}","templated":true}]}}